{"id":2614,"date":"2015-08-18T13:32:05","date_gmt":"2015-08-18T10:32:05","guid":{"rendered":"http:\/\/www.zetmedya.com\/web\/?page_id=2614"},"modified":"2022-11-14T09:50:03","modified_gmt":"2022-11-14T06:50:03","slug":"ana-sayfa","status":"publish","type":"page","link":"https:\/\/www.zetmedya.com\/web\/ana-sayfa\/","title":{"rendered":"Ana Sayfa"},"content":{"rendered":"<div class=\"gap\" style=\"height: 30px;\"><\/div>\n<h1 style=\"text-align: center;\">Zet Medya Reklam Ajans\u0131na Ho\u015f Geldiniz!<\/h1>\n<h2 style=\"text-align: center;\">&#8220;Reklam Ajans\u0131 Faaliyetlerimiz ile 15 Y\u0131ld\u0131r Hizmetinizdeyiz&#8221;<\/h2>\n<p style=\"text-align: center;\"><em><strong>Reklam ajans\u0131<\/strong><\/em> ve marka ileti\u015fimleri konular\u0131nda medya planlama, medya sat\u0131n alma, prod\u00fcksiyon hizmetleri, kurumsal kimlik \u00e7al\u0131\u015fmalar\u0131 hizmetleri vermekteyiz. <em><strong>Televizyon Reklam<\/strong><\/em>, <em><strong>Radyo Reklam<\/strong><\/em>, <em><strong>\u0130nternet Reklam<\/strong><\/em>, <em><strong>Gazete Reklam<\/strong><\/em> ve <em><strong>A\u00e7\u0131khava Reklam<\/strong><\/em> alanlar\u0131nda markan\u0131z\u0131n ihtiyac\u0131 olan tan\u0131t\u0131m faaliyetleri i\u00e7in sizleri de bekleriz. <a href=\"http:\/\/www.zetmedya.com\/web\/hakkimizda\">Devam\u0131&#8230;<\/a><\/p>\n<h4><h3 class=\"title\"><span>Reklam ve Tan\u0131t\u0131m Projelerimiz<\/span><\/h3><div class=\"latest-portfolio negative-wrap\"><div class=\"portfolio-item one-third columns\"><div class=\"portfolio-it\">\n\t\t\t\t  \t\t<a href=\"https:\/\/www.zetmedya.com\/web\/portfolio-item\/stt-show-eurasia\/\" title=\"STT Show Eurasia\"><span class=\"portfolio-pic\"><img src=\"https:\/\/www.zetmedya.com\/web\/wp-content\/uploads\/2017\/10\/stt-1.png\" \/><div class=\"portfolio-overlay\"><span class=\"overlay-link\"><\/span><\/div><\/span><\/a>\n\t\t\t\t  \t\t<a href=\"https:\/\/www.zetmedya.com\/web\/portfolio-item\/stt-show-eurasia\/\" title=\"STT Show Eurasia\" class=\"portfolio-title\"><h4>STT Show Eurasia<\/h4><span>3. Y\u00fczey \u0130\u015flem, Galvaniz Kimyasallar\u0131 Fuar\u0131<\/span><\/a>\n\t\t\t\t  \t<\/div><\/div><div class=\"portfolio-item one-third columns\"><div class=\"portfolio-it\">\n\t\t\t\t  \t\t<a href=\"https:\/\/www.zetmedya.com\/web\/portfolio-item\/paint-expo-eurasia\/\" title=\"Paint Expo Eurasia\"><span class=\"portfolio-pic\"><img src=\"https:\/\/www.zetmedya.com\/web\/wp-content\/uploads\/2017\/10\/paintexpo.jpg\" \/><div class=\"portfolio-overlay\"><span class=\"overlay-link\"><\/span><\/div><\/span><\/a>\n\t\t\t\t  \t\t<a href=\"https:\/\/www.zetmedya.com\/web\/portfolio-item\/paint-expo-eurasia\/\" title=\"Paint Expo Eurasia\" class=\"portfolio-title\"><h4>Paint Expo Eurasia<\/h4><span>4. End\u00fcstriyel Kaplama Teknolojileri Fuar\u0131<\/span><\/a>\n\t\t\t\t  \t<\/div><\/div><div class=\"portfolio-item one-third columns\"><div class=\"portfolio-it\">\n\t\t\t\t  \t\t<a href=\"https:\/\/www.zetmedya.com\/web\/portfolio-item\/egitim-kurumu-reklamlari\/\" title=\"E\u011fitim Kurumu Reklamlar\u0131\"><span class=\"portfolio-pic\"><img src=\"https:\/\/www.zetmedya.com\/web\/wp-content\/uploads\/2017\/10\/fsm-2.png\" \/><div class=\"portfolio-overlay\"><span class=\"overlay-link\"><\/span><\/div><\/span><\/a>\n\t\t\t\t  \t\t<a href=\"https:\/\/www.zetmedya.com\/web\/portfolio-item\/egitim-kurumu-reklamlari\/\" title=\"E\u011fitim Kurumu Reklamlar\u0131\" class=\"portfolio-title\"><h4>E\u011fitim Kurumu Reklamlar\u0131<\/h4><span>FSM Vak\u0131f \u00dcniversitesi Radyo Reklamlar\u0131<\/span><\/a>\n\t\t\t\t  \t<\/div><\/div><div class=\"portfolio-item one-third columns\"><div class=\"portfolio-it\">\n\t\t\t\t  \t\t<a href=\"https:\/\/www.zetmedya.com\/web\/portfolio-item\/cleanroom-exhibition\/\" title=\"Cleanroom Exhibition\"><span class=\"portfolio-pic\"><img src=\"https:\/\/www.zetmedya.com\/web\/wp-content\/uploads\/2017\/04\/medya-planlama.jpg\" \/><div class=\"portfolio-overlay\"><span class=\"overlay-link\"><\/span><\/div><\/span><\/a>\n\t\t\t\t  \t\t<a href=\"https:\/\/www.zetmedya.com\/web\/portfolio-item\/cleanroom-exhibition\/\" title=\"Cleanroom Exhibition\" class=\"portfolio-title\"><h4>Cleanroom Exhibition<\/h4><span>Temizoda Teknolojileri Fuar\u0131<\/span><\/a>\n\t\t\t\t  \t<\/div><\/div><div class=\"portfolio-item one-third columns\"><div class=\"portfolio-it\">\n\t\t\t\t  \t\t<a href=\"https:\/\/www.zetmedya.com\/web\/portfolio-item\/hkf-fuarcilik\/\" title=\"Hkf Fuarc\u0131l\u0131k\"><span class=\"portfolio-pic\"><img src=\"https:\/\/www.zetmedya.com\/web\/wp-content\/uploads\/2017\/04\/hkf_foteg_7766ea8a6591a0dba38aa1845db4dc91.jpg\" \/><div class=\"portfolio-overlay\"><span class=\"overlay-link\"><\/span><\/div><\/span><\/a>\n\t\t\t\t  \t\t<a href=\"https:\/\/www.zetmedya.com\/web\/portfolio-item\/hkf-fuarcilik\/\" title=\"Hkf Fuarc\u0131l\u0131k\" class=\"portfolio-title\"><h4>Hkf Fuarc\u0131l\u0131k<\/h4><span>Foteg \u0130stanbul 2017 Fuar\u0131<\/span><\/a>\n\t\t\t\t  \t<\/div><\/div><div class=\"portfolio-item one-third columns\"><div class=\"portfolio-it\">\n\t\t\t\t  \t\t<a href=\"https:\/\/www.zetmedya.com\/web\/portfolio-item\/keramika-radyo-reklamlari\/\" title=\"Keramika Radyo Reklamlar\u0131\"><span class=\"portfolio-pic\"><img src=\"https:\/\/www.zetmedya.com\/web\/wp-content\/uploads\/2013\/01\/keramika-1.jpg\" \/><div class=\"portfolio-overlay\"><span class=\"overlay-link\"><\/span><\/div><\/span><\/a>\n\t\t\t\t  \t\t<a href=\"https:\/\/www.zetmedya.com\/web\/portfolio-item\/keramika-radyo-reklamlari\/\" title=\"Keramika Radyo Reklamlar\u0131\" class=\"portfolio-title\"><h4>Keramika Radyo Reklamlar\u0131<\/h4><span>Medya Planlama Sat\u0131nalma<\/span><\/a>\n\t\t\t\t  \t<\/div><\/div><div class=\"portfolio-item one-third columns\"><div class=\"portfolio-it\">\n\t\t\t\t  \t\t<a href=\"https:\/\/www.zetmedya.com\/web\/portfolio-item\/gulaylar\/\" title=\"G\u00fclaylar Yeni Y\u0131l Kampanyas\u0131\"><span class=\"portfolio-pic\"><img src=\"https:\/\/www.zetmedya.com\/web\/wp-content\/uploads\/2013\/01\/gulaylar2.jpg\" \/><div class=\"portfolio-overlay\"><span class=\"overlay-link\"><\/span><\/div><\/span><\/a>\n\t\t\t\t  \t\t<a href=\"https:\/\/www.zetmedya.com\/web\/portfolio-item\/gulaylar\/\" title=\"G\u00fclaylar Yeni Y\u0131l Kampanyas\u0131\" class=\"portfolio-title\"><h4>G\u00fclaylar Yeni Y\u0131l Kampanyas\u0131<\/h4><span>Televizyon ve Sinema Reklam Filmi<\/span><\/a>\n\t\t\t\t  \t<\/div><\/div><div class=\"portfolio-item one-third columns\"><div class=\"portfolio-it\">\n\t\t\t\t  \t\t<a href=\"https:\/\/www.zetmedya.com\/web\/portfolio-item\/anakent\/\" title=\"Anakent Okullar\u0131\"><span class=\"portfolio-pic\"><img src=\"https:\/\/www.zetmedya.com\/web\/wp-content\/uploads\/2013\/01\/anakent-1.jpg\" \/><div class=\"portfolio-overlay\"><span class=\"overlay-link\"><\/span><\/div><\/span><\/a>\n\t\t\t\t  \t\t<a href=\"https:\/\/www.zetmedya.com\/web\/portfolio-item\/anakent\/\" title=\"Anakent Okullar\u0131\" class=\"portfolio-title\"><h4>Anakent Okullar\u0131<\/h4><span>Anakent Okullar\u0131 Tan\u0131t\u0131m Filmi<\/span><\/a>\n\t\t\t\t  \t<\/div><\/div><div class=\"portfolio-item one-third columns\"><div class=\"portfolio-it\">\n\t\t\t\t  \t\t<a href=\"https:\/\/www.zetmedya.com\/web\/portfolio-item\/hkf-taxiworld\/\" title=\"Hkf Fuarc\u0131l\u0131k\"><span class=\"portfolio-pic\"><img src=\"https:\/\/www.zetmedya.com\/web\/wp-content\/uploads\/2013\/01\/taxiworld_44294473d0d0db6239633638687822b6.jpg\" \/><div class=\"portfolio-overlay\"><span class=\"overlay-link\"><\/span><\/div><\/span><\/a>\n\t\t\t\t  \t\t<a href=\"https:\/\/www.zetmedya.com\/web\/portfolio-item\/hkf-taxiworld\/\" title=\"Hkf Fuarc\u0131l\u0131k\" class=\"portfolio-title\"><h4>Hkf Fuarc\u0131l\u0131k<\/h4><span>Taxiworld Turkey<\/span><\/a>\n\t\t\t\t  \t<\/div><\/div><div class=\"portfolio-item one-third columns\"><div class=\"portfolio-it\">\n\t\t\t\t  \t\t<a href=\"https:\/\/www.zetmedya.com\/web\/portfolio-item\/fiesta\/\" title=\"Fiesta Tekstil\"><span class=\"portfolio-pic\"><img src=\"https:\/\/www.zetmedya.com\/web\/wp-content\/uploads\/2013\/01\/fiesta-1.jpg\" \/><div class=\"portfolio-overlay\"><span class=\"overlay-link\"><\/span><\/div><\/span><\/a>\n\t\t\t\t  \t\t<a href=\"https:\/\/www.zetmedya.com\/web\/portfolio-item\/fiesta\/\" title=\"Fiesta Tekstil\" class=\"portfolio-title\"><h4>Fiesta Tekstil<\/h4><span>Fiesta Havlu Reklam Kampanyas\u0131<\/span><\/a>\n\t\t\t\t  \t<\/div><\/div><div class=\"portfolio-item one-third columns\"><div class=\"portfolio-it\">\n\t\t\t\t  \t\t<a href=\"https:\/\/www.zetmedya.com\/web\/portfolio-item\/kimya-kariyerim\/\" title=\"Kimya Kariyerim\"><span class=\"portfolio-pic\"><img src=\"https:\/\/www.zetmedya.com\/web\/wp-content\/uploads\/2013\/01\/kimyakariyerim-1.jpg\" \/><div class=\"portfolio-overlay\"><span class=\"overlay-link\"><\/span><\/div><\/span><\/a>\n\t\t\t\t  \t\t<a href=\"https:\/\/www.zetmedya.com\/web\/portfolio-item\/kimya-kariyerim\/\" title=\"Kimya Kariyerim\" class=\"portfolio-title\"><h4>Kimya Kariyerim<\/h4><span>Sekt\u00f6r\u00fcn Tek \u0130nsan Kaynaklar\u0131 Sitesi<\/span><\/a>\n\t\t\t\t  \t<\/div><\/div><div class=\"portfolio-item one-third columns\"><div class=\"portfolio-it\">\n\t\t\t\t  \t\t<a href=\"https:\/\/www.zetmedya.com\/web\/portfolio-item\/interdyeandprinting\/\" title=\"Artkim Fuarc\u0131l\u0131k\"><span class=\"portfolio-pic\"><img src=\"https:\/\/www.zetmedya.com\/web\/wp-content\/uploads\/2013\/01\/interdye_4db6aa372e682433b8de5d7881b97b64.jpg\" \/><div class=\"portfolio-overlay\"><span class=\"overlay-link\"><\/span><\/div><\/span><\/a>\n\t\t\t\t  \t\t<a href=\"https:\/\/www.zetmedya.com\/web\/portfolio-item\/interdyeandprinting\/\" title=\"Artkim Fuarc\u0131l\u0131k\" class=\"portfolio-title\"><h4>Artkim Fuarc\u0131l\u0131k<\/h4><span>Interdye Printing Eurasia<\/span><\/a>\n\t\t\t\t  \t<\/div><\/div><\/div><div class=\"clear\"><\/div><\/h4>\n<div class=\"gap\" style=\"height: 20px;\"><\/div>\n\n<div class=\"gap\" style=\"height: 20px;\"><\/div>\n","protected":false},"excerpt":{"rendered":"<p>Zet Medya Reklam Ajans\u0131na Ho\u015f Geldiniz! &#8220;Reklam Ajans\u0131 Faaliyetlerimiz ile 15 Y\u0131ld\u0131r Hizmetinizdeyiz&#8221; Reklam ajans\u0131 ve marka ileti\u015fimleri konular\u0131nda medya\u2026 <a href=\"https:\/\/www.zetmedya.com\/web\/portfolio-item\/interdyeandprinting\/\" class=\"read-more-link\">read more &rarr;<\/a><\/p>\n","protected":false},"author":1,"featured_media":3233,"parent":0,"menu_order":0,"comment_status":"closed","ping_status":"closed","template":"page-fullwidth.php","meta":[],"yoast_head":"<!-- This site is optimized with the Yoast SEO plugin v16.0.2 - https:\/\/yoast.com\/wordpress\/plugins\/seo\/ -->\n<meta name=\"description\" content=\"Zet Medya Reklam Ajans\u0131, \u0130stanbul&#039;da 15 y\u0131ld\u0131r hizmet vermektedir. Reklam ve tan\u0131t\u0131m \u00e7al\u0131\u015fmalar\u0131n\u0131z i\u00e7in bizi arayabilirsiniz. (0212) 260 36 36\" \/>\n<link rel=\"canonical\" href=\"https:\/\/www.zetmedya.com\/web\/ana-sayfa\/\" \/>\n<meta property=\"og:locale\" content=\"tr_TR\" \/>\n<meta property=\"og:type\" content=\"article\" \/>\n<meta property=\"og:title\" content=\"Reklam Ajans\u0131 | Medya Planlama | Medya Sat\u0131n Alma | Zet Medya\" \/>\n<meta property=\"og:description\" content=\"Zet Medya Reklam Ajans\u0131, \u0130stanbul&#039;da 15 y\u0131ld\u0131r hizmet vermektedir. Reklam ve tan\u0131t\u0131m \u00e7al\u0131\u015fmalar\u0131n\u0131z i\u00e7in bizi arayabilirsiniz. (0212) 260 36 36\" \/>\n<meta property=\"og:url\" content=\"https:\/\/www.zetmedya.com\/web\/ana-sayfa\/\" \/>\n<meta property=\"og:site_name\" content=\"Zet Medya\" \/>\n<meta property=\"article:publisher\" content=\"http:\/\/www.facebook.com\/zetmedya\" \/>\n<meta property=\"article:modified_time\" content=\"2022-11-14T06:50:03+00:00\" \/>\n<meta property=\"og:image\" content=\"https:\/\/www.zetmedya.com\/web\/wp-content\/uploads\/2015\/08\/fav_icon-1.png\" \/>\n\t<meta property=\"og:image:width\" content=\"937\" \/>\n\t<meta property=\"og:image:height\" content=\"547\" \/>\n<meta name=\"twitter:card\" content=\"summary\" \/>\n<meta name=\"twitter:site\" content=\"@ZetMedya\" \/>\n<meta name=\"twitter:label1\" content=\"Tahmini okuma s\u00fcresi\">\n\t<meta name=\"twitter:data1\" content=\"1 dakika\">\n<script type=\"application\/ld+json\" class=\"yoast-schema-graph\">{\"@context\":\"https:\/\/schema.org\",\"@graph\":[{\"@type\":\"Organization\",\"@id\":\"http:\/\/www.zetmedya.com\/web\/#organization\",\"name\":\"Zet Medya Reklam Ajans\\u0131\",\"url\":\"http:\/\/www.zetmedya.com\/web\/\",\"sameAs\":[\"http:\/\/www.facebook.com\/zetmedya\",\"http:\/\/www.instagram.com\/zetmedya\",\"http:\/\/www.youtube.com\/zetmedya\",\"https:\/\/twitter.com\/ZetMedya\"],\"logo\":{\"@type\":\"ImageObject\",\"@id\":\"http:\/\/www.zetmedya.com\/web\/#logo\",\"inLanguage\":\"tr\",\"url\":\"https:\/\/www.zetmedya.com\/web\/wp-content\/uploads\/2015\/08\/web_logo.png\",\"width\":801,\"height\":257,\"caption\":\"Zet Medya Reklam Ajans\\u0131\"},\"image\":{\"@id\":\"http:\/\/www.zetmedya.com\/web\/#logo\"}},{\"@type\":\"WebSite\",\"@id\":\"http:\/\/www.zetmedya.com\/web\/#website\",\"url\":\"http:\/\/www.zetmedya.com\/web\/\",\"name\":\"Zet Medya\",\"description\":\"Medya Reklam Ajans\\u0131\",\"publisher\":{\"@id\":\"http:\/\/www.zetmedya.com\/web\/#organization\"},\"potentialAction\":[{\"@type\":\"SearchAction\",\"target\":\"http:\/\/www.zetmedya.com\/web\/?s={search_term_string}\",\"query-input\":\"required name=search_term_string\"}],\"inLanguage\":\"tr\"},{\"@type\":\"ImageObject\",\"@id\":\"https:\/\/www.zetmedya.com\/web\/ana-sayfa\/#primaryimage\",\"inLanguage\":\"tr\",\"url\":\"https:\/\/www.zetmedya.com\/web\/wp-content\/uploads\/2015\/08\/fav_icon-1.png\",\"width\":937,\"height\":547,\"caption\":\"reklam ajans\\u0131\"},{\"@type\":\"WebPage\",\"@id\":\"https:\/\/www.zetmedya.com\/web\/ana-sayfa\/#webpage\",\"url\":\"https:\/\/www.zetmedya.com\/web\/ana-sayfa\/\",\"name\":\"Reklam Ajans\\u0131 | Medya Planlama | Medya Sat\\u0131n Alma | Zet Medya\",\"isPartOf\":{\"@id\":\"http:\/\/www.zetmedya.com\/web\/#website\"},\"primaryImageOfPage\":{\"@id\":\"https:\/\/www.zetmedya.com\/web\/ana-sayfa\/#primaryimage\"},\"datePublished\":\"2015-08-18T10:32:05+00:00\",\"dateModified\":\"2022-11-14T06:50:03+00:00\",\"description\":\"Zet Medya Reklam Ajans\\u0131, \\u0130stanbul'da 15 y\\u0131ld\\u0131r hizmet vermektedir. Reklam ve tan\\u0131t\\u0131m \\u00e7al\\u0131\\u015fmalar\\u0131n\\u0131z i\\u00e7in bizi arayabilirsiniz. (0212) 260 36 36\",\"breadcrumb\":{\"@id\":\"https:\/\/www.zetmedya.com\/web\/ana-sayfa\/#breadcrumb\"},\"inLanguage\":\"tr\",\"potentialAction\":[{\"@type\":\"ReadAction\",\"target\":[\"https:\/\/www.zetmedya.com\/web\/ana-sayfa\/\"]}]},{\"@type\":\"BreadcrumbList\",\"@id\":\"https:\/\/www.zetmedya.com\/web\/ana-sayfa\/#breadcrumb\",\"itemListElement\":[{\"@type\":\"ListItem\",\"position\":1,\"item\":{\"@type\":\"WebPage\",\"@id\":\"https:\/\/www.zetmedya.com\/web\/\",\"url\":\"https:\/\/www.zetmedya.com\/web\/\",\"name\":\"Ana sayfa\"}},{\"@type\":\"ListItem\",\"position\":2,\"item\":{\"@type\":\"WebPage\",\"@id\":\"https:\/\/www.zetmedya.com\/web\/ana-sayfa\/\",\"url\":\"https:\/\/www.zetmedya.com\/web\/ana-sayfa\/\",\"name\":\"Ana Sayfa\"}}]}]}<\/script>\n<!-- \/ Yoast SEO plugin. -->","_links":{"self":[{"href":"https:\/\/www.zetmedya.com\/web\/wp-json\/wp\/v2\/pages\/2614"}],"collection":[{"href":"https:\/\/www.zetmedya.com\/web\/wp-json\/wp\/v2\/pages"}],"about":[{"href":"https:\/\/www.zetmedya.com\/web\/wp-json\/wp\/v2\/types\/page"}],"author":[{"embeddable":true,"href":"https:\/\/www.zetmedya.com\/web\/wp-json\/wp\/v2\/users\/1"}],"replies":[{"embeddable":true,"href":"https:\/\/www.zetmedya.com\/web\/wp-json\/wp\/v2\/comments?post=2614"}],"version-history":[{"count":11,"href":"https:\/\/www.zetmedya.com\/web\/wp-json\/wp\/v2\/pages\/2614\/revisions"}],"predecessor-version":[{"id":3615,"href":"https:\/\/www.zetmedya.com\/web\/wp-json\/wp\/v2\/pages\/2614\/revisions\/3615"}],"wp:featuredmedia":[{"embeddable":true,"href":"https:\/\/www.zetmedya.com\/web\/wp-json\/wp\/v2\/media\/3233"}],"wp:attachment":[{"href":"https:\/\/www.zetmedya.com\/web\/wp-json\/wp\/v2\/media?parent=2614"}],"curies":[{"name":"wp","href":"https:\/\/api.w.org\/{rel}","templated":true}]}}