{"id":3177,"date":"2017-10-20T15:33:35","date_gmt":"2017-10-20T12:33:35","guid":{"rendered":"http:\/\/www.zetmedya.com\/web\/?page_id=3177"},"modified":"2018-01-16T16:37:27","modified_gmt":"2018-01-16T13:37:27","slug":"televizyon-reklam","status":"publish","type":"page","link":"https:\/\/www.zetmedya.com\/web\/televizyon-reklam\/","title":{"rendered":"Televizyon Reklam"},"content":{"rendered":"<h1><a href=\"http:\/\/www.zetmedya.com\/web\/wp-content\/uploads\/2017\/10\/tv-1.png\"><img wpfc-lazyload-disable=\"true\" loading=\"lazy\" class=\"alignleft wp-image-3180 size-full\" src=\"https:\/\/www.zetmedya.com\/web\/wp-content\/uploads\/2017\/10\/tv-1.png\" alt=\"televizyon reklam, tv reklam \u00fccretleri, televizyon reklam \u00fccretleri, reklam ajansi, reklam ajans\u0131\" width=\"311\" height=\"409\" srcset=\"https:\/\/www.zetmedya.com\/web\/wp-content\/uploads\/2017\/10\/tv-1.png 311w, https:\/\/www.zetmedya.com\/web\/wp-content\/uploads\/2017\/10\/tv-1-228x300.png 228w\" sizes=\"(max-width: 311px) 100vw, 311px\" \/><\/a>Televizyon Reklam<\/h1>\n<h2><em>Televizyon Reklam \u00dccretleri<\/em><\/h2>\n<p>Televizyon Reklam \u00dccretleri markan\u0131za, kullan\u0131lacak kanallara ve bu tan\u0131t\u0131m i\u00e7in ay\u0131rm\u0131\u015f oldu\u011funuz b\u00fct\u00e7eye g\u00f6re farkl\u0131l\u0131klar g\u00f6sterecektir. Televizyon Reklam \u00e7al\u0131\u015fmalar\u0131, eri\u015fim oran\u0131 olarak di\u011fer mecralardan her zaman daha \u00fcst\u00fcn olmakla birlikte, do\u011fru planland\u0131\u011f\u0131 zaman kabul edilebilir b\u00fct\u00e7elerle de iyi d\u00f6n\u00fc\u015f\u00fcm sa\u011flamaktad\u0131r. Ulusal ve yerel t\u00fcm kanallarda, tv spot reklamlar\u0131, bant reklamlar\u0131, \u00f6zel projeler, sponsorluk \u00e7al\u0131\u015fmalar\u0131, \u00fcr\u00fcn yerle\u015ftirme, medya planlama, sat\u0131nalma ve medya takip hizmetleri Ajans\u0131m\u0131z taraf\u0131ndan verilmektedir.<\/p>\n<h4><\/h4>\n<h4>Medya Planlama,<\/h4>\n<p>Hedef kitlenizin do\u011fru tespitlerle yap\u0131lmas\u0131 ve buna uygun tv kanallar\u0131n\u0131n se\u00e7ilmesi, planlama s\u00fcresince hangi programlarda ne s\u0131kl\u0131kta girece\u011fi ile ilgili yap\u0131lan \u00e7al\u0131\u015fmalard\u0131r. Medya planlama \u00e7al\u0131\u015fmalar\u0131 esnas\u0131nda rakip analizlerinin do\u011fru bir \u015fekilde yap\u0131lmas\u0131 da \u00f6nem arz etmektedir. Rakip faaliyetleri reklam\u0131n hemen her dal\u0131nda g\u00f6z \u00f6n\u00fcnde bulundurulmas\u0131 gereken bir unsurdur.<\/p>\n<h4><\/h4>\n<h4>Medya Sat\u0131n Alma,<\/h4>\n<p>Tan\u0131t\u0131m i\u00e7in planlanan b\u00fct\u00e7enin en efektif \u015fekilde planlanmas\u0131 ve kullan\u0131lacak tv kanallar\u0131 ile yap\u0131lan etkili pazarl\u0131klar s\u00fcrecidir. Bu s\u00fcre\u00e7te m\u00fc\u015fteriden yetki belgesi al\u0131nmas\u0131 bir gerekliliktir.<\/p>\n<h4>Prod\u00fcksiyon,<\/h4>\n<p>\u0130zleyicilerin dikkatini \u00e7ekecek etkili bir bant reklam veya ku\u015faklarda yer alacak olan reklam \u00e7al\u0131\u015fmas\u0131n\u0131n haz\u0131rlanmas\u0131. Prod\u00fcksiyon \u00e7al\u0131\u015fmalar\u0131 ile ilgili \u00f6rnekler ile ilgili bizlerle irtibat sa\u011flayabilirsiniz.<\/p>\n<h4>Takip ve Raporlama,<\/h4>\n<p>Reklamlar\u0131n sa\u011fl\u0131kl\u0131 bir \u015fekilde yay\u0131nlanmas\u0131 i\u00e7in kanallarla yap\u0131lan mutabakat i\u015flemleri ve yay\u0131n bitiminde takip raporlar\u0131n\u0131n sunulmas\u0131 \u00e7al\u0131\u015fmalar\u0131d\u0131r.<\/p>\n<p>Televizyon reklam \u00fccretleri ile ilgili detayl\u0131 bilgi almak i\u00e7in bizi arayabilirsiniz. (0212) 260 36 36<\/p>\n<h3 class=\"title\"><span>Televizyon Reklamlar\u0131m\u0131zdan \u00d6rnekler<\/span><\/h3>\n<div class=\"one_third\"><a href=\"https:\/\/vimeo.com\/215637399\" target=\"_blank\" rel=\"noopener\"><img wpfc-lazyload-disable=\"true\" loading=\"lazy\" class=\"alignleft wp-image-3245 size-full\" src=\"https:\/\/www.zetmedya.com\/web\/wp-content\/uploads\/2017\/10\/gulaylar_tv-e1513169168136.gif\" alt=\"televizon reklam, televizyon reklam \u00fccretleri, televizyon reklam fiyatlar\u0131, reklam ajans\u0131\" width=\"300\" height=\"313\" \/><\/a><\/div>\n<div class=\"one_third\"><a href=\"https:\/\/vimeo.com\/223740285\" target=\"_blank\" rel=\"noopener\"><img wpfc-lazyload-disable=\"true\" loading=\"lazy\" class=\"alignleft wp-image-3246 size-full\" src=\"https:\/\/www.zetmedya.com\/web\/wp-content\/uploads\/2017\/10\/vivturkey_tv-e1513169766520.gif\" alt=\"televizon reklam, televizyon reklam \u00fccretleri, televizyon reklam fiyatlar\u0131, reklam ajans\u0131\" width=\"300\" height=\"313\" \/><\/a><\/div>\n<div class=\"one_third last\"><a href=\"https:\/\/vimeo.com\/174206299\" target=\"_blank\" rel=\"noopener\"><img wpfc-lazyload-disable=\"true\" loading=\"lazy\" class=\"alignleft wp-image-3252 size-full\" src=\"https:\/\/www.zetmedya.com\/web\/wp-content\/uploads\/2017\/11\/kavram_tv-e1513169970943.gif\" alt=\"televizon reklam, televizyon reklam \u00fccretleri, televizyon reklam fiyatlar\u0131, reklam ajans\u0131\" width=\"300\" height=\"313\" \/><\/a><\/div>\n<div class=\"clear\"><\/div>\n<div class=\"one_third\"><a href=\"https:\/\/vimeo.com\/160360988\" target=\"_blank\" rel=\"noopener\"><img wpfc-lazyload-disable=\"true\" loading=\"lazy\" class=\"alignleft wp-image-3250 size-full\" src=\"https:\/\/www.zetmedya.com\/web\/wp-content\/uploads\/2017\/11\/general_tv-e1513170080941.gif\" alt=\"televizon reklam, televizyon reklam \u00fccretleri, televizyon reklam fiyatlar\u0131, reklam ajans\u0131\" width=\"300\" height=\"313\" \/><\/a><\/div>\n<div class=\"one_third\"><a href=\"https:\/\/vimeo.com\/207596229\" target=\"_blank\" rel=\"noopener\"><img wpfc-lazyload-disable=\"true\" loading=\"lazy\" class=\"alignleft wp-image-3249 size-full\" src=\"https:\/\/www.zetmedya.com\/web\/wp-content\/uploads\/2017\/11\/foteg_tv-e1513170146409.gif\" alt=\"televizon reklam, televizyon reklam \u00fccretleri, televizyon reklam fiyatlar\u0131, reklam ajans\u0131\" width=\"300\" height=\"313\" \/><\/a><\/div>\n<div class=\"one_third last\"><a href=\"https:\/\/vimeo.com\/203256296\" target=\"_blank\" rel=\"noopener\"><img wpfc-lazyload-disable=\"true\" loading=\"lazy\" class=\"alignleft wp-image-3255 size-full\" src=\"https:\/\/www.zetmedya.com\/web\/wp-content\/uploads\/2017\/11\/gulaylar_sevgililer_gunu_tv-e1513170277505.gif\" alt=\"televizon reklam, televizyon reklam \u00fccretleri, televizyon reklam fiyatlar\u0131, reklam ajans\u0131\" width=\"300\" height=\"313\" \/><\/a><\/div>\n<div class=\"clear\"><\/div>\n<div class=\"one_third\"><a href=\"https:\/\/vimeo.com\/160359736\" target=\"_blank\" rel=\"noopener\"><img wpfc-lazyload-disable=\"true\" loading=\"lazy\" class=\"alignleft wp-image-3248 size-full\" src=\"https:\/\/www.zetmedya.com\/web\/wp-content\/uploads\/2017\/11\/busworld_tv-e1513170439244.gif\" alt=\"televizon reklam, televizyon reklam \u00fccretleri, televizyon reklam fiyatlar\u0131, reklam ajans\u0131\" width=\"300\" height=\"313\" \/><\/a><\/div>\n<div class=\"one_third\"><a href=\"https:\/\/vimeo.com\/214906461\" target=\"_blank\" rel=\"noopener\"><img wpfc-lazyload-disable=\"true\" loading=\"lazy\" class=\"alignleft wp-image-3253 size-full\" src=\"https:\/\/www.zetmedya.com\/web\/wp-content\/uploads\/2017\/11\/taxiworld_bant-e1513170474584.gif\" alt=\"televizon reklam, televizyon reklam \u00fccretleri, televizyon reklam fiyatlar\u0131, reklam ajans\u0131\" width=\"300\" height=\"313\" \/><\/a><\/div>\n<div class=\"one_third last\"><a href=\"https:\/\/vimeo.com\/195454621\" target=\"_blank\" rel=\"noopener\"><img wpfc-lazyload-disable=\"true\" loading=\"lazy\" class=\"alignleft wp-image-3254 size-full\" src=\"https:\/\/www.zetmedya.com\/web\/wp-content\/uploads\/2017\/11\/turkchem_bant-e1513170458464.gif\" alt=\"televizon reklam, televizyon reklam \u00fccretleri, televizyon reklam fiyatlar\u0131, reklam ajans\u0131\" width=\"300\" height=\"313\" \/><\/a><\/div>\n<div class=\"clear\"><\/div>\n<p><a href=\"http:\/\/www.zetmedya.com\/web\">Ana Sayfa<\/a> | <a href=\"http:\/\/www.zetmedya.com\/web\/zet-iletisim\">\u0130leti\u015fim<\/a><\/p>\n<h6><em>Anahtar Kelimeler: Televizyon Reklam, Televizyon Reklam Fiyatlar\u0131, Televizyon Reklam \u00dccretleri, Tv Reklam, Tv Reklam Fiyatlar\u0131, Tv Reklam \u00dccretleri, Reklam Ajans\u0131, \u0130stanbul Reklam Ajans\u0131, Medya Reklam Ajans\u0131<br \/>\n<\/em><\/h6>\n","protected":false},"excerpt":{"rendered":"<p>Televizyon Reklam Televizyon Reklam \u00dccretleri Televizyon Reklam \u00dccretleri markan\u0131za, kullan\u0131lacak kanallara ve bu tan\u0131t\u0131m i\u00e7in ay\u0131rm\u0131\u015f oldu\u011funuz b\u00fct\u00e7eye g\u00f6re farkl\u0131l\u0131klar\u2026 <a href=\"https:\/\/www.zetmedya.com\/web\/televizyon-reklam\/\" class=\"read-more-link\">read more &rarr;<\/a><\/p>\n","protected":false},"author":1,"featured_media":0,"parent":0,"menu_order":0,"comment_status":"closed","ping_status":"closed","template":"page-fullwidth.php","meta":[],"yoast_head":"<!-- This site is optimized with the Yoast SEO plugin v16.0.2 - https:\/\/yoast.com\/wordpress\/plugins\/seo\/ -->\n<meta name=\"description\" content=\"Televizyon reklam \u00fccretleri hakk\u0131nda detayl\u0131 bilgi almak i\u00e7in 12 Y\u0131ll\u0131k sekt\u00f6r tecr\u00fcbesine sahip Zet Medya Reklam Ajans\u0131&#039;n\u0131 arayabilirsiniz.\" \/>\n<link rel=\"canonical\" href=\"https:\/\/www.zetmedya.com\/web\/televizyon-reklam\/\" \/>\n<meta property=\"og:locale\" content=\"tr_TR\" \/>\n<meta property=\"og:type\" content=\"article\" \/>\n<meta property=\"og:title\" content=\"Televizyon Reklam \u00dccretleri | Teklif Almak \u0130\u00e7in (0212) 260 36 36\" \/>\n<meta property=\"og:description\" content=\"Televizyon reklam \u00fccretleri hakk\u0131nda detayl\u0131 bilgi almak i\u00e7in 12 Y\u0131ll\u0131k sekt\u00f6r tecr\u00fcbesine sahip Zet Medya Reklam Ajans\u0131&#039;n\u0131 arayabilirsiniz.\" \/>\n<meta property=\"og:url\" content=\"https:\/\/www.zetmedya.com\/web\/televizyon-reklam\/\" \/>\n<meta property=\"og:site_name\" content=\"Zet Medya\" \/>\n<meta property=\"article:publisher\" content=\"http:\/\/www.facebook.com\/zetmedya\" \/>\n<meta property=\"article:modified_time\" content=\"2018-01-16T13:37:27+00:00\" \/>\n<meta property=\"og:image\" content=\"https:\/\/www.zetmedya.com\/web\/wp-content\/uploads\/2017\/10\/tv-1.png\" \/>\n<meta name=\"twitter:card\" content=\"summary\" \/>\n<meta name=\"twitter:site\" content=\"@ZetMedya\" \/>\n<meta name=\"twitter:label1\" content=\"Tahmini okuma s\u00fcresi\">\n\t<meta name=\"twitter:data1\" content=\"2 dakika\">\n<script type=\"application\/ld+json\" class=\"yoast-schema-graph\">{\"@context\":\"https:\/\/schema.org\",\"@graph\":[{\"@type\":\"Organization\",\"@id\":\"http:\/\/www.zetmedya.com\/web\/#organization\",\"name\":\"Zet Medya Reklam Ajans\\u0131\",\"url\":\"http:\/\/www.zetmedya.com\/web\/\",\"sameAs\":[\"http:\/\/www.facebook.com\/zetmedya\",\"http:\/\/www.instagram.com\/zetmedya\",\"http:\/\/www.youtube.com\/zetmedya\",\"https:\/\/twitter.com\/ZetMedya\"],\"logo\":{\"@type\":\"ImageObject\",\"@id\":\"http:\/\/www.zetmedya.com\/web\/#logo\",\"inLanguage\":\"tr\",\"url\":\"https:\/\/www.zetmedya.com\/web\/wp-content\/uploads\/2015\/08\/web_logo.png\",\"width\":801,\"height\":257,\"caption\":\"Zet Medya Reklam Ajans\\u0131\"},\"image\":{\"@id\":\"http:\/\/www.zetmedya.com\/web\/#logo\"}},{\"@type\":\"WebSite\",\"@id\":\"http:\/\/www.zetmedya.com\/web\/#website\",\"url\":\"http:\/\/www.zetmedya.com\/web\/\",\"name\":\"Zet Medya\",\"description\":\"Medya Reklam Ajans\\u0131\",\"publisher\":{\"@id\":\"http:\/\/www.zetmedya.com\/web\/#organization\"},\"potentialAction\":[{\"@type\":\"SearchAction\",\"target\":\"http:\/\/www.zetmedya.com\/web\/?s={search_term_string}\",\"query-input\":\"required name=search_term_string\"}],\"inLanguage\":\"tr\"},{\"@type\":\"ImageObject\",\"@id\":\"https:\/\/www.zetmedya.com\/web\/televizyon-reklam\/#primaryimage\",\"inLanguage\":\"tr\",\"url\":\"https:\/\/www.zetmedya.com\/web\/wp-content\/uploads\/2017\/10\/tv-1.png\"},{\"@type\":\"WebPage\",\"@id\":\"https:\/\/www.zetmedya.com\/web\/televizyon-reklam\/#webpage\",\"url\":\"https:\/\/www.zetmedya.com\/web\/televizyon-reklam\/\",\"name\":\"Televizyon Reklam \\u00dccretleri | Teklif Almak \\u0130\\u00e7in (0212) 260 36 36\",\"isPartOf\":{\"@id\":\"http:\/\/www.zetmedya.com\/web\/#website\"},\"primaryImageOfPage\":{\"@id\":\"https:\/\/www.zetmedya.com\/web\/televizyon-reklam\/#primaryimage\"},\"datePublished\":\"2017-10-20T12:33:35+00:00\",\"dateModified\":\"2018-01-16T13:37:27+00:00\",\"description\":\"Televizyon reklam \\u00fccretleri hakk\\u0131nda detayl\\u0131 bilgi almak i\\u00e7in 12 Y\\u0131ll\\u0131k sekt\\u00f6r tecr\\u00fcbesine sahip Zet Medya Reklam Ajans\\u0131'n\\u0131 arayabilirsiniz.\",\"breadcrumb\":{\"@id\":\"https:\/\/www.zetmedya.com\/web\/televizyon-reklam\/#breadcrumb\"},\"inLanguage\":\"tr\",\"potentialAction\":[{\"@type\":\"ReadAction\",\"target\":[\"https:\/\/www.zetmedya.com\/web\/televizyon-reklam\/\"]}]},{\"@type\":\"BreadcrumbList\",\"@id\":\"https:\/\/www.zetmedya.com\/web\/televizyon-reklam\/#breadcrumb\",\"itemListElement\":[{\"@type\":\"ListItem\",\"position\":1,\"item\":{\"@type\":\"WebPage\",\"@id\":\"https:\/\/www.zetmedya.com\/web\/\",\"url\":\"https:\/\/www.zetmedya.com\/web\/\",\"name\":\"Ana sayfa\"}},{\"@type\":\"ListItem\",\"position\":2,\"item\":{\"@type\":\"WebPage\",\"@id\":\"https:\/\/www.zetmedya.com\/web\/televizyon-reklam\/\",\"url\":\"https:\/\/www.zetmedya.com\/web\/televizyon-reklam\/\",\"name\":\"Televizyon Reklam\"}}]}]}<\/script>\n<!-- \/ Yoast SEO plugin. -->","_links":{"self":[{"href":"https:\/\/www.zetmedya.com\/web\/wp-json\/wp\/v2\/pages\/3177"}],"collection":[{"href":"https:\/\/www.zetmedya.com\/web\/wp-json\/wp\/v2\/pages"}],"about":[{"href":"https:\/\/www.zetmedya.com\/web\/wp-json\/wp\/v2\/types\/page"}],"author":[{"embeddable":true,"href":"https:\/\/www.zetmedya.com\/web\/wp-json\/wp\/v2\/users\/1"}],"replies":[{"embeddable":true,"href":"https:\/\/www.zetmedya.com\/web\/wp-json\/wp\/v2\/comments?post=3177"}],"version-history":[{"count":15,"href":"https:\/\/www.zetmedya.com\/web\/wp-json\/wp\/v2\/pages\/3177\/revisions"}],"predecessor-version":[{"id":3492,"href":"https:\/\/www.zetmedya.com\/web\/wp-json\/wp\/v2\/pages\/3177\/revisions\/3492"}],"wp:attachment":[{"href":"https:\/\/www.zetmedya.com\/web\/wp-json\/wp\/v2\/media?parent=3177"}],"curies":[{"name":"wp","href":"https:\/\/api.w.org\/{rel}","templated":true}]}}