{"id":3444,"date":"2017-12-15T14:30:33","date_gmt":"2017-12-15T11:30:33","guid":{"rendered":"http:\/\/www.zetmedya.com\/web\/?page_id=3444"},"modified":"2018-01-31T12:45:48","modified_gmt":"2018-01-31T09:45:48","slug":"tv-reklam-fiyatlari","status":"publish","type":"page","link":"https:\/\/www.zetmedya.com\/web\/tv-reklam-fiyatlari\/","title":{"rendered":"Tv Reklam Fiyatlar\u0131"},"content":{"rendered":"<h1><img loading=\"lazy\" class=\"alignleft wp-image-3178 size-full\" src=\"https:\/\/www.zetmedya.com\/web\/wp-content\/uploads\/2017\/10\/tv.png\" alt=\"tv reklam fiyatlar\u0131, reklam ajans\u0131, reklam hizmetleri, radyo reklam, reklamc\u0131l\u0131k\" width=\"311\" height=\"409\" srcset=\"https:\/\/www.zetmedya.com\/web\/wp-content\/uploads\/2017\/10\/tv.png 311w, https:\/\/www.zetmedya.com\/web\/wp-content\/uploads\/2017\/10\/tv-228x300.png 228w\" sizes=\"(max-width: 311px) 100vw, 311px\" \/>Tv Reklam Fiyatlar\u0131 Ne Kadard\u0131r?<\/h1>\n<h2><em>Tv Reklam Fiyatlar\u0131<\/em><\/h2>\n<p>Tv Reklam Fiyatlar\u0131, reklam veren taraf\u0131ndan \u015f\u00fcphesiz en \u00f6nem verilen detaylar\u0131n ba\u015f\u0131nda gelmektedir. Burada temel husus reklamc\u0131l\u0131k faaliyetlerinde birlikte y\u00fcr\u00fcyece\u011finiz dan\u0131\u015fman\u0131n\u0131z\u0131n s\u00fcreci do\u011fru planlamalarla, do\u011fru b\u00fct\u00e7elerle y\u00f6netmesidir.<\/p>\n<p>Reklam veren, birlikte \u00e7al\u0131\u015faca\u011f\u0131 reklam ajans\u0131n\u0131 belirlerken, sekt\u00f6r tecr\u00fcbesine, tan\u0131t\u0131m fikirlerine ve sizlere ay\u0131raca\u011f\u0131 zaman\u0131 \u00e7ok iyi tespit etmelidir. S\u00fcrekli ajans de\u011fi\u015fikli\u011fi, o firman\u0131n kullanmakta oldu\u011fu mecralar taraf\u0131ndan yanl\u0131\u015f anla\u015f\u0131lmas\u0131na sebep olacakt\u0131r.<\/p>\n<h3><em>Zet Medya Hakk\u0131nda<\/em><\/h3>\n<p>Zet Medya, ulusal, yerel t\u00fcm radyo ve televizyon kanallar\u0131nda tv, radyo spot reklamlar\u0131, tv bant reklamlar\u0131, her iki mecraya uygun \u00f6zel projeler, sponsorluk \u00e7al\u0131\u015fmalar\u0131, medya planlama, sat\u0131nalma ve medya takip hizmetleri vermektedir. <a href=\"http:\/\/www.trt.net.tr\" target=\"_blank\" rel=\"noopener\">TRT<\/a>, <a href=\"http:\/\/www.kanald.com.tr\" target=\"_blank\" rel=\"noopener\">Kanal D<\/a>, <a href=\"http:\/\/www.startv.com.tr\" target=\"_blank\" rel=\"noopener\">Star Tv<\/a>, <a href=\"http:\/\/www.showtv.com.tr\" target=\"_blank\" rel=\"noopener\">Show Tv<\/a> ve di\u011fer t\u00fcm kanallarda \u00f6zel \u00fcr\u00fcn yerle\u015ftirme reklam uygulamalar\u0131 da yap\u0131lmaktad\u0131r. Tamamlanan kampanya faaliyetlerinde, reklamverenin m\u00fc\u015fteri kazan\u0131m\u0131, mesaj\u0131n do\u011fru hedef kitleye ula\u015ft\u0131r\u0131lmas\u0131 veya mevcut m\u00fc\u015fteri ba\u011fl\u0131l\u0131\u011f\u0131n\u0131n art\u0131r\u0131lmas\u0131, ajans taraf\u0131n\u0131 do\u011frudan etkilemektedir.<\/p>\n<h6><\/h6>\n<h3 class=\"title\"><span>Televizyon Reklamlar\u0131m\u0131zdan \u00d6rnekler<\/span><\/h3>\n<div class=\"one_third\"><a href=\"https:\/\/vimeo.com\/215637399\" target=\"_blank\" rel=\"noopener\"><img loading=\"lazy\" class=\"alignleft wp-image-3245 size-full\" src=\"https:\/\/www.zetmedya.com\/web\/wp-content\/uploads\/2017\/10\/gulaylar_tv-e1513169168136.gif\" alt=\"televizon reklam, televizyon reklam \u00fccretleri, televizyon reklam fiyatlar\u0131, reklam ajans\u0131\" width=\"300\" height=\"313\" \/><\/a><\/div>\n<div class=\"one_third\"><a href=\"https:\/\/vimeo.com\/223740285\" target=\"_blank\" rel=\"noopener\"><img loading=\"lazy\" class=\"alignleft wp-image-3246 size-full\" src=\"https:\/\/www.zetmedya.com\/web\/wp-content\/uploads\/2017\/10\/vivturkey_tv-e1513169766520.gif\" alt=\"televizon reklam, televizyon reklam \u00fccretleri, televizyon reklam fiyatlar\u0131, reklam ajans\u0131\" width=\"300\" height=\"313\" \/><\/a><\/div>\n<div class=\"one_third last\"><a href=\"https:\/\/vimeo.com\/174206299\" target=\"_blank\" rel=\"noopener\"><img loading=\"lazy\" class=\"alignleft wp-image-3252 size-full\" src=\"https:\/\/www.zetmedya.com\/web\/wp-content\/uploads\/2017\/11\/kavram_tv-e1513169970943.gif\" alt=\"televizon reklam, televizyon reklam \u00fccretleri, televizyon reklam fiyatlar\u0131, reklam ajans\u0131\" width=\"300\" height=\"313\" \/><\/a><\/div>\n<div class=\"clear\"><\/div>\n<div class=\"one_third\"><a href=\"https:\/\/vimeo.com\/160360988\" target=\"_blank\" rel=\"noopener\"><img loading=\"lazy\" class=\"alignleft wp-image-3250 size-full\" src=\"https:\/\/www.zetmedya.com\/web\/wp-content\/uploads\/2017\/11\/general_tv-e1513170080941.gif\" alt=\"televizon reklam, televizyon reklam \u00fccretleri, televizyon reklam fiyatlar\u0131, reklam ajans\u0131\" width=\"300\" height=\"313\" \/><\/a><\/div>\n<div class=\"one_third\"><a href=\"https:\/\/vimeo.com\/207596229\" target=\"_blank\" rel=\"noopener\"><img loading=\"lazy\" class=\"alignleft wp-image-3249 size-full\" src=\"https:\/\/www.zetmedya.com\/web\/wp-content\/uploads\/2017\/11\/foteg_tv-e1513170146409.gif\" alt=\"televizon reklam, televizyon reklam \u00fccretleri, televizyon reklam fiyatlar\u0131, reklam ajans\u0131\" width=\"300\" height=\"313\" \/><\/a><\/div>\n<div class=\"one_third last\"><a href=\"https:\/\/vimeo.com\/203256296\" target=\"_blank\" rel=\"noopener\"><img loading=\"lazy\" class=\"alignleft wp-image-3255 size-full\" src=\"https:\/\/www.zetmedya.com\/web\/wp-content\/uploads\/2017\/11\/gulaylar_sevgililer_gunu_tv-e1513170277505.gif\" alt=\"televizon reklam, televizyon reklam \u00fccretleri, televizyon reklam fiyatlar\u0131, reklam ajans\u0131\" width=\"300\" height=\"313\" \/><\/a><\/div>\n<div class=\"clear\"><\/div>\n<div class=\"one_third\"><a href=\"https:\/\/vimeo.com\/160359736\" target=\"_blank\" rel=\"noopener\"><img loading=\"lazy\" class=\"alignleft wp-image-3248 size-full\" src=\"https:\/\/www.zetmedya.com\/web\/wp-content\/uploads\/2017\/11\/busworld_tv-e1513170439244.gif\" alt=\"televizon reklam, televizyon reklam \u00fccretleri, televizyon reklam fiyatlar\u0131, reklam ajans\u0131\" width=\"300\" height=\"313\" \/><\/a><\/div>\n<div class=\"one_third\"><a href=\"https:\/\/vimeo.com\/214906461\" target=\"_blank\" rel=\"noopener\"><img loading=\"lazy\" class=\"alignleft wp-image-3253 size-full\" src=\"https:\/\/www.zetmedya.com\/web\/wp-content\/uploads\/2017\/11\/taxiworld_bant-e1513170474584.gif\" alt=\"televizon reklam, televizyon reklam \u00fccretleri, televizyon reklam fiyatlar\u0131, reklam ajans\u0131\" width=\"300\" height=\"313\" \/><\/a><\/div>\n<div class=\"one_third last\"><a href=\"https:\/\/vimeo.com\/195454621\" target=\"_blank\" rel=\"noopener\"><img loading=\"lazy\" class=\"alignleft wp-image-3254 size-full\" src=\"https:\/\/www.zetmedya.com\/web\/wp-content\/uploads\/2017\/11\/turkchem_bant-e1513170458464.gif\" alt=\"televizon reklam, televizyon reklam \u00fccretleri, televizyon reklam fiyatlar\u0131, reklam ajans\u0131\" width=\"300\" height=\"313\" \/><\/a><\/div>\n<div class=\"clear\"><\/div>\n<p><a href=\"http:\/\/www.zetmedya.com\/web\">Ana Sayfa<\/a> | <a href=\"http:\/\/www.zetmedya.com\/web\/zet-iletisim\">\u0130leti\u015fim<\/a><\/p>\n<p>&nbsp;<\/p>\n<h4><h3 class=\"title\"><span>Reklam ve Tan\u0131t\u0131m Projelerimiz<\/span><\/h3><div class=\"latest-portfolio negative-wrap\"><div class=\"portfolio-item one-third columns\"><div class=\"portfolio-it\">\n\t\t\t\t  \t\t<a href=\"https:\/\/www.zetmedya.com\/web\/portfolio-item\/stt-show-eurasia\/\" title=\"STT Show Eurasia\"><span class=\"portfolio-pic\"><img src=\"https:\/\/www.zetmedya.com\/web\/wp-content\/uploads\/2017\/10\/stt-1.png\" \/><div class=\"portfolio-overlay\"><span class=\"overlay-link\"><\/span><\/div><\/span><\/a>\n\t\t\t\t  \t\t<a href=\"https:\/\/www.zetmedya.com\/web\/portfolio-item\/stt-show-eurasia\/\" title=\"STT Show Eurasia\" class=\"portfolio-title\"><h4>STT Show Eurasia<\/h4><span>3. Y\u00fczey \u0130\u015flem, Galvaniz Kimyasallar\u0131 Fuar\u0131<\/span><\/a>\n\t\t\t\t  \t<\/div><\/div><div class=\"portfolio-item one-third columns\"><div class=\"portfolio-it\">\n\t\t\t\t  \t\t<a href=\"https:\/\/www.zetmedya.com\/web\/portfolio-item\/paint-expo-eurasia\/\" title=\"Paint Expo Eurasia\"><span class=\"portfolio-pic\"><img src=\"https:\/\/www.zetmedya.com\/web\/wp-content\/uploads\/2017\/10\/paintexpo.jpg\" \/><div class=\"portfolio-overlay\"><span class=\"overlay-link\"><\/span><\/div><\/span><\/a>\n\t\t\t\t  \t\t<a href=\"https:\/\/www.zetmedya.com\/web\/portfolio-item\/paint-expo-eurasia\/\" title=\"Paint Expo Eurasia\" class=\"portfolio-title\"><h4>Paint Expo Eurasia<\/h4><span>4. End\u00fcstriyel Kaplama Teknolojileri Fuar\u0131<\/span><\/a>\n\t\t\t\t  \t<\/div><\/div><div class=\"portfolio-item one-third columns\"><div class=\"portfolio-it\">\n\t\t\t\t  \t\t<a href=\"https:\/\/www.zetmedya.com\/web\/portfolio-item\/egitim-kurumu-reklamlari\/\" title=\"E\u011fitim Kurumu Reklamlar\u0131\"><span class=\"portfolio-pic\"><img src=\"https:\/\/www.zetmedya.com\/web\/wp-content\/uploads\/2017\/10\/fsm-2.png\" \/><div class=\"portfolio-overlay\"><span class=\"overlay-link\"><\/span><\/div><\/span><\/a>\n\t\t\t\t  \t\t<a href=\"https:\/\/www.zetmedya.com\/web\/portfolio-item\/egitim-kurumu-reklamlari\/\" title=\"E\u011fitim Kurumu Reklamlar\u0131\" class=\"portfolio-title\"><h4>E\u011fitim Kurumu Reklamlar\u0131<\/h4><span>FSM Vak\u0131f \u00dcniversitesi Radyo Reklamlar\u0131<\/span><\/a>\n\t\t\t\t  \t<\/div><\/div><div class=\"portfolio-item one-third columns\"><div class=\"portfolio-it\">\n\t\t\t\t  \t\t<a href=\"https:\/\/www.zetmedya.com\/web\/portfolio-item\/cleanroom-exhibition\/\" title=\"Cleanroom Exhibition\"><span class=\"portfolio-pic\"><img src=\"https:\/\/www.zetmedya.com\/web\/wp-content\/uploads\/2017\/04\/medya-planlama.jpg\" \/><div class=\"portfolio-overlay\"><span class=\"overlay-link\"><\/span><\/div><\/span><\/a>\n\t\t\t\t  \t\t<a href=\"https:\/\/www.zetmedya.com\/web\/portfolio-item\/cleanroom-exhibition\/\" title=\"Cleanroom Exhibition\" class=\"portfolio-title\"><h4>Cleanroom Exhibition<\/h4><span>Temizoda Teknolojileri Fuar\u0131<\/span><\/a>\n\t\t\t\t  \t<\/div><\/div><div class=\"portfolio-item one-third columns\"><div class=\"portfolio-it\">\n\t\t\t\t  \t\t<a href=\"https:\/\/www.zetmedya.com\/web\/portfolio-item\/hkf-fuarcilik\/\" title=\"Hkf Fuarc\u0131l\u0131k\"><span class=\"portfolio-pic\"><img src=\"https:\/\/www.zetmedya.com\/web\/wp-content\/uploads\/2017\/04\/hkf_foteg_7766ea8a6591a0dba38aa1845db4dc91.jpg\" \/><div class=\"portfolio-overlay\"><span class=\"overlay-link\"><\/span><\/div><\/span><\/a>\n\t\t\t\t  \t\t<a href=\"https:\/\/www.zetmedya.com\/web\/portfolio-item\/hkf-fuarcilik\/\" title=\"Hkf Fuarc\u0131l\u0131k\" class=\"portfolio-title\"><h4>Hkf Fuarc\u0131l\u0131k<\/h4><span>Foteg \u0130stanbul 2017 Fuar\u0131<\/span><\/a>\n\t\t\t\t  \t<\/div><\/div><div class=\"portfolio-item one-third columns\"><div class=\"portfolio-it\">\n\t\t\t\t  \t\t<a href=\"https:\/\/www.zetmedya.com\/web\/portfolio-item\/keramika-radyo-reklamlari\/\" title=\"Keramika Radyo Reklamlar\u0131\"><span class=\"portfolio-pic\"><img src=\"https:\/\/www.zetmedya.com\/web\/wp-content\/uploads\/2013\/01\/keramika-1.jpg\" \/><div class=\"portfolio-overlay\"><span class=\"overlay-link\"><\/span><\/div><\/span><\/a>\n\t\t\t\t  \t\t<a href=\"https:\/\/www.zetmedya.com\/web\/portfolio-item\/keramika-radyo-reklamlari\/\" title=\"Keramika Radyo Reklamlar\u0131\" class=\"portfolio-title\"><h4>Keramika Radyo Reklamlar\u0131<\/h4><span>Medya Planlama Sat\u0131nalma<\/span><\/a>\n\t\t\t\t  \t<\/div><\/div><div class=\"portfolio-item one-third columns\"><div class=\"portfolio-it\">\n\t\t\t\t  \t\t<a href=\"https:\/\/www.zetmedya.com\/web\/portfolio-item\/gulaylar\/\" title=\"G\u00fclaylar Yeni Y\u0131l Kampanyas\u0131\"><span class=\"portfolio-pic\"><img src=\"https:\/\/www.zetmedya.com\/web\/wp-content\/uploads\/2013\/01\/gulaylar2.jpg\" \/><div class=\"portfolio-overlay\"><span class=\"overlay-link\"><\/span><\/div><\/span><\/a>\n\t\t\t\t  \t\t<a href=\"https:\/\/www.zetmedya.com\/web\/portfolio-item\/gulaylar\/\" title=\"G\u00fclaylar Yeni Y\u0131l Kampanyas\u0131\" class=\"portfolio-title\"><h4>G\u00fclaylar Yeni Y\u0131l Kampanyas\u0131<\/h4><span>Televizyon ve Sinema Reklam Filmi<\/span><\/a>\n\t\t\t\t  \t<\/div><\/div><div class=\"portfolio-item one-third columns\"><div class=\"portfolio-it\">\n\t\t\t\t  \t\t<a href=\"https:\/\/www.zetmedya.com\/web\/portfolio-item\/anakent\/\" title=\"Anakent Okullar\u0131\"><span class=\"portfolio-pic\"><img src=\"https:\/\/www.zetmedya.com\/web\/wp-content\/uploads\/2013\/01\/anakent-1.jpg\" \/><div class=\"portfolio-overlay\"><span class=\"overlay-link\"><\/span><\/div><\/span><\/a>\n\t\t\t\t  \t\t<a href=\"https:\/\/www.zetmedya.com\/web\/portfolio-item\/anakent\/\" title=\"Anakent Okullar\u0131\" class=\"portfolio-title\"><h4>Anakent Okullar\u0131<\/h4><span>Anakent Okullar\u0131 Tan\u0131t\u0131m Filmi<\/span><\/a>\n\t\t\t\t  \t<\/div><\/div><div class=\"portfolio-item one-third columns\"><div class=\"portfolio-it\">\n\t\t\t\t  \t\t<a href=\"https:\/\/www.zetmedya.com\/web\/portfolio-item\/hkf-taxiworld\/\" title=\"Hkf Fuarc\u0131l\u0131k\"><span class=\"portfolio-pic\"><img src=\"https:\/\/www.zetmedya.com\/web\/wp-content\/uploads\/2013\/01\/taxiworld_44294473d0d0db6239633638687822b6.jpg\" \/><div class=\"portfolio-overlay\"><span class=\"overlay-link\"><\/span><\/div><\/span><\/a>\n\t\t\t\t  \t\t<a href=\"https:\/\/www.zetmedya.com\/web\/portfolio-item\/hkf-taxiworld\/\" title=\"Hkf Fuarc\u0131l\u0131k\" class=\"portfolio-title\"><h4>Hkf Fuarc\u0131l\u0131k<\/h4><span>Taxiworld Turkey<\/span><\/a>\n\t\t\t\t  \t<\/div><\/div><div class=\"portfolio-item one-third columns\"><div class=\"portfolio-it\">\n\t\t\t\t  \t\t<a href=\"https:\/\/www.zetmedya.com\/web\/portfolio-item\/fiesta\/\" title=\"Fiesta Tekstil\"><span class=\"portfolio-pic\"><img src=\"https:\/\/www.zetmedya.com\/web\/wp-content\/uploads\/2013\/01\/fiesta-1.jpg\" \/><div class=\"portfolio-overlay\"><span class=\"overlay-link\"><\/span><\/div><\/span><\/a>\n\t\t\t\t  \t\t<a href=\"https:\/\/www.zetmedya.com\/web\/portfolio-item\/fiesta\/\" title=\"Fiesta Tekstil\" class=\"portfolio-title\"><h4>Fiesta Tekstil<\/h4><span>Fiesta Havlu Reklam Kampanyas\u0131<\/span><\/a>\n\t\t\t\t  \t<\/div><\/div><div class=\"portfolio-item one-third columns\"><div class=\"portfolio-it\">\n\t\t\t\t  \t\t<a href=\"https:\/\/www.zetmedya.com\/web\/portfolio-item\/kimya-kariyerim\/\" title=\"Kimya Kariyerim\"><span class=\"portfolio-pic\"><img src=\"https:\/\/www.zetmedya.com\/web\/wp-content\/uploads\/2013\/01\/kimyakariyerim-1.jpg\" \/><div class=\"portfolio-overlay\"><span class=\"overlay-link\"><\/span><\/div><\/span><\/a>\n\t\t\t\t  \t\t<a href=\"https:\/\/www.zetmedya.com\/web\/portfolio-item\/kimya-kariyerim\/\" title=\"Kimya Kariyerim\" class=\"portfolio-title\"><h4>Kimya Kariyerim<\/h4><span>Sekt\u00f6r\u00fcn Tek \u0130nsan Kaynaklar\u0131 Sitesi<\/span><\/a>\n\t\t\t\t  \t<\/div><\/div><div class=\"portfolio-item one-third columns\"><div class=\"portfolio-it\">\n\t\t\t\t  \t\t<a href=\"https:\/\/www.zetmedya.com\/web\/portfolio-item\/interdyeandprinting\/\" title=\"Artkim Fuarc\u0131l\u0131k\"><span class=\"portfolio-pic\"><img src=\"https:\/\/www.zetmedya.com\/web\/wp-content\/uploads\/2013\/01\/interdye_4db6aa372e682433b8de5d7881b97b64.jpg\" \/><div class=\"portfolio-overlay\"><span class=\"overlay-link\"><\/span><\/div><\/span><\/a>\n\t\t\t\t  \t\t<a href=\"https:\/\/www.zetmedya.com\/web\/portfolio-item\/interdyeandprinting\/\" title=\"Artkim Fuarc\u0131l\u0131k\" class=\"portfolio-title\"><h4>Artkim Fuarc\u0131l\u0131k<\/h4><span>Interdye Printing Eurasia<\/span><\/a>\n\t\t\t\t  \t<\/div><\/div><\/div><div class=\"clear\"><\/div><\/h4>\n<div class=\"gap\" style=\"height: 20px;\"><\/div>\n\n<div class=\"gap\" style=\"height: 20px;\"><\/div>\n<p><a href=\"http:\/\/www.zetmedya.com\/web\">Ana Sayfa<\/a> | <a href=\"http:\/\/www.zetmedya.com\/web\/iletisim\">\u0130leti\u015fim<\/a><\/p>\n<h6>Anahtar Kelimeler: tv reklam fiyatlari, Televizyon Reklam Fiyatlar\u0131, Tv Reklam Fiyatlari, Tv Reklam Fiyatlari, Tv Reklam Ajans\u0131, Televizyona Reklam Vermek, tv reklam fiyatlari, Televizyon Reklam Fiyatlar\u0131, tv reklam fiyatlari, Reklam Fiyatlar\u0131, Televizyon Reklam Fiyatlar\u0131, Televizyon Reklam Fiyatlar\u0131, tv reklam fiyatlari<\/h6>\n","protected":false},"excerpt":{"rendered":"<p>Tv Reklam Fiyatlar\u0131 Ne Kadard\u0131r? Tv Reklam Fiyatlar\u0131 Tv Reklam Fiyatlar\u0131, reklam veren taraf\u0131ndan \u015f\u00fcphesiz en \u00f6nem verilen detaylar\u0131n ba\u015f\u0131nda\u2026 <a href=\"https:\/\/www.zetmedya.com\/web\/portfolio-item\/interdyeandprinting\/\" class=\"read-more-link\">read more &rarr;<\/a><\/p>\n","protected":false},"author":1,"featured_media":3178,"parent":0,"menu_order":0,"comment_status":"closed","ping_status":"closed","template":"page-fullwidth.php","meta":[],"yoast_head":"<!-- This site is optimized with the Yoast SEO plugin v16.0.2 - https:\/\/yoast.com\/wordpress\/plugins\/seo\/ -->\n<meta name=\"description\" content=\"Tv Reklam Fiyatlar\u0131 Hakk\u0131nda Detayl\u0131 Bilgiler | Do\u011fru Reklam Ajans Se\u00e7imi | Zet Medya Hakk\u0131nda | 12 Y\u0131ll\u0131k Tecr\u00fcbe | (0212) 260 36 36\" \/>\n<link rel=\"canonical\" href=\"https:\/\/www.zetmedya.com\/web\/tv-reklam-fiyatlari\/\" \/>\n<meta property=\"og:locale\" content=\"tr_TR\" \/>\n<meta property=\"og:type\" content=\"article\" \/>\n<meta property=\"og:title\" content=\"Tv Reklam Fiyatlar\u0131 | Medya Planlama Sat\u0131nalma Hizmetleri\" \/>\n<meta property=\"og:description\" content=\"Tv Reklam Fiyatlar\u0131 Hakk\u0131nda Detayl\u0131 Bilgiler | Do\u011fru Reklam Ajans Se\u00e7imi | Zet Medya Hakk\u0131nda | 12 Y\u0131ll\u0131k Tecr\u00fcbe | (0212) 260 36 36\" \/>\n<meta property=\"og:url\" content=\"https:\/\/www.zetmedya.com\/web\/tv-reklam-fiyatlari\/\" \/>\n<meta property=\"og:site_name\" content=\"Zet Medya\" \/>\n<meta property=\"article:publisher\" content=\"http:\/\/www.facebook.com\/zetmedya\" \/>\n<meta property=\"article:modified_time\" content=\"2018-01-31T09:45:48+00:00\" \/>\n<meta property=\"og:image\" content=\"https:\/\/www.zetmedya.com\/web\/wp-content\/uploads\/2017\/10\/tv.png\" \/>\n\t<meta property=\"og:image:width\" content=\"311\" \/>\n\t<meta property=\"og:image:height\" content=\"409\" \/>\n<meta name=\"twitter:card\" content=\"summary\" \/>\n<meta name=\"twitter:site\" content=\"@ZetMedya\" \/>\n<meta name=\"twitter:label1\" content=\"Tahmini okuma s\u00fcresi\">\n\t<meta name=\"twitter:data1\" content=\"2 dakika\">\n<script type=\"application\/ld+json\" class=\"yoast-schema-graph\">{\"@context\":\"https:\/\/schema.org\",\"@graph\":[{\"@type\":\"Organization\",\"@id\":\"http:\/\/www.zetmedya.com\/web\/#organization\",\"name\":\"Zet Medya Reklam Ajans\\u0131\",\"url\":\"http:\/\/www.zetmedya.com\/web\/\",\"sameAs\":[\"http:\/\/www.facebook.com\/zetmedya\",\"http:\/\/www.instagram.com\/zetmedya\",\"http:\/\/www.youtube.com\/zetmedya\",\"https:\/\/twitter.com\/ZetMedya\"],\"logo\":{\"@type\":\"ImageObject\",\"@id\":\"http:\/\/www.zetmedya.com\/web\/#logo\",\"inLanguage\":\"tr\",\"url\":\"https:\/\/www.zetmedya.com\/web\/wp-content\/uploads\/2015\/08\/web_logo.png\",\"width\":801,\"height\":257,\"caption\":\"Zet Medya Reklam Ajans\\u0131\"},\"image\":{\"@id\":\"http:\/\/www.zetmedya.com\/web\/#logo\"}},{\"@type\":\"WebSite\",\"@id\":\"http:\/\/www.zetmedya.com\/web\/#website\",\"url\":\"http:\/\/www.zetmedya.com\/web\/\",\"name\":\"Zet Medya\",\"description\":\"Medya Reklam Ajans\\u0131\",\"publisher\":{\"@id\":\"http:\/\/www.zetmedya.com\/web\/#organization\"},\"potentialAction\":[{\"@type\":\"SearchAction\",\"target\":\"http:\/\/www.zetmedya.com\/web\/?s={search_term_string}\",\"query-input\":\"required name=search_term_string\"}],\"inLanguage\":\"tr\"},{\"@type\":\"ImageObject\",\"@id\":\"https:\/\/www.zetmedya.com\/web\/tv-reklam-fiyatlari\/#primaryimage\",\"inLanguage\":\"tr\",\"url\":\"https:\/\/www.zetmedya.com\/web\/wp-content\/uploads\/2017\/10\/tv.png\",\"width\":311,\"height\":409,\"caption\":\"tv reklam fiyatlar\\u0131, tv reklam, televizyona reklam vermek\"},{\"@type\":\"WebPage\",\"@id\":\"https:\/\/www.zetmedya.com\/web\/tv-reklam-fiyatlari\/#webpage\",\"url\":\"https:\/\/www.zetmedya.com\/web\/tv-reklam-fiyatlari\/\",\"name\":\"Tv Reklam Fiyatlar\\u0131 | Medya Planlama Sat\\u0131nalma Hizmetleri\",\"isPartOf\":{\"@id\":\"http:\/\/www.zetmedya.com\/web\/#website\"},\"primaryImageOfPage\":{\"@id\":\"https:\/\/www.zetmedya.com\/web\/tv-reklam-fiyatlari\/#primaryimage\"},\"datePublished\":\"2017-12-15T11:30:33+00:00\",\"dateModified\":\"2018-01-31T09:45:48+00:00\",\"description\":\"Tv Reklam Fiyatlar\\u0131 Hakk\\u0131nda Detayl\\u0131 Bilgiler | Do\\u011fru Reklam Ajans Se\\u00e7imi | Zet Medya Hakk\\u0131nda | 12 Y\\u0131ll\\u0131k Tecr\\u00fcbe | (0212) 260 36 36\",\"breadcrumb\":{\"@id\":\"https:\/\/www.zetmedya.com\/web\/tv-reklam-fiyatlari\/#breadcrumb\"},\"inLanguage\":\"tr\",\"potentialAction\":[{\"@type\":\"ReadAction\",\"target\":[\"https:\/\/www.zetmedya.com\/web\/tv-reklam-fiyatlari\/\"]}]},{\"@type\":\"BreadcrumbList\",\"@id\":\"https:\/\/www.zetmedya.com\/web\/tv-reklam-fiyatlari\/#breadcrumb\",\"itemListElement\":[{\"@type\":\"ListItem\",\"position\":1,\"item\":{\"@type\":\"WebPage\",\"@id\":\"https:\/\/www.zetmedya.com\/web\/\",\"url\":\"https:\/\/www.zetmedya.com\/web\/\",\"name\":\"Ana sayfa\"}},{\"@type\":\"ListItem\",\"position\":2,\"item\":{\"@type\":\"WebPage\",\"@id\":\"https:\/\/www.zetmedya.com\/web\/tv-reklam-fiyatlari\/\",\"url\":\"https:\/\/www.zetmedya.com\/web\/tv-reklam-fiyatlari\/\",\"name\":\"Tv Reklam Fiyatlar\\u0131\"}}]}]}<\/script>\n<!-- \/ Yoast SEO plugin. -->","_links":{"self":[{"href":"https:\/\/www.zetmedya.com\/web\/wp-json\/wp\/v2\/pages\/3444"}],"collection":[{"href":"https:\/\/www.zetmedya.com\/web\/wp-json\/wp\/v2\/pages"}],"about":[{"href":"https:\/\/www.zetmedya.com\/web\/wp-json\/wp\/v2\/types\/page"}],"author":[{"embeddable":true,"href":"https:\/\/www.zetmedya.com\/web\/wp-json\/wp\/v2\/users\/1"}],"replies":[{"embeddable":true,"href":"https:\/\/www.zetmedya.com\/web\/wp-json\/wp\/v2\/comments?post=3444"}],"version-history":[{"count":18,"href":"https:\/\/www.zetmedya.com\/web\/wp-json\/wp\/v2\/pages\/3444\/revisions"}],"predecessor-version":[{"id":3551,"href":"https:\/\/www.zetmedya.com\/web\/wp-json\/wp\/v2\/pages\/3444\/revisions\/3551"}],"wp:featuredmedia":[{"embeddable":true,"href":"https:\/\/www.zetmedya.com\/web\/wp-json\/wp\/v2\/media\/3178"}],"wp:attachment":[{"href":"https:\/\/www.zetmedya.com\/web\/wp-json\/wp\/v2\/media?parent=3444"}],"curies":[{"name":"wp","href":"https:\/\/api.w.org\/{rel}","templated":true}]}}