{"id":3625,"date":"2026-02-07T14:04:32","date_gmt":"2026-02-07T11:04:32","guid":{"rendered":"http:\/\/www.zetmedya.com\/web\/?page_id=3625"},"modified":"2026-02-07T14:14:20","modified_gmt":"2026-02-07T11:14:20","slug":"under-construction","status":"publish","type":"page","link":"https:\/\/www.zetmedya.com\/web\/","title":{"rendered":"Yap\u0131m a\u015famas\u0131nda"},"content":{"rendered":"<p>&nbsp;<\/p>\n<p>&nbsp;<\/p>\n<p><img wpfc-lazyload-disable=\"true\" loading=\"lazy\" class=\"size-full wp-image-3242 aligncenter\" src=\"https:\/\/www.zetmedya.com\/web\/wp-content\/uploads\/2015\/08\/web_logo-2.png\" alt=\"\" width=\"354\" height=\"92\" srcset=\"https:\/\/www.zetmedya.com\/web\/wp-content\/uploads\/2015\/08\/web_logo-2.png 354w, https:\/\/www.zetmedya.com\/web\/wp-content\/uploads\/2015\/08\/web_logo-2-300x78.png 300w\" sizes=\"(max-width: 354px) 100vw, 354px\" \/><\/p>\n<p style=\"text-align: center;\"><strong data-rich-text-format-boundary=\"true\">Web sitemizi yeniliyoruz.<\/strong><br data-rich-text-line-break=\"true\" \/>\u00c7ok yak\u0131nda yeni web sitemizle yay\u0131nday\u0131z.<br data-rich-text-line-break=\"true\" \/><br data-rich-text-line-break=\"true\" \/>ZET MEDYA REKLAM VE TANITIM H\u0130Z. LTD. \u015eT\u0130.<br data-rich-text-line-break=\"true\" \/>Adres:<br data-rich-text-line-break=\"true\" \/>Maslak Mah. Maslak Meydan Sk.<br data-rich-text-line-break=\"true\" \/>Veko Giz Plaza No:3\/79<br data-rich-text-line-break=\"true\" \/>Sar\u0131yer \/ \u0130STANBUL<br data-rich-text-line-break=\"true\" \/><br data-rich-text-line-break=\"true\" \/>Telefonlar:<br data-rich-text-line-break=\"true\" \/>+90 212 260 36 36<br data-rich-text-line-break=\"true\" \/>+90 532 206 01 82<br data-rich-text-line-break=\"true\" \/><br data-rich-text-line-break=\"true\" \/>E-Mail: info@zetmedya.com<\/p>\n","protected":false},"excerpt":{"rendered":"<p>&nbsp; &nbsp; Web sitemizi yeniliyoruz.\u00c7ok yak\u0131nda yeni web sitemizle yay\u0131nday\u0131z.ZET MEDYA REKLAM VE TANITIM H\u0130Z. LTD. \u015eT\u0130.Adres:Maslak Mah. Maslak Meydan\u2026 <a href=\"https:\/\/www.zetmedya.com\/web\/\" class=\"read-more-link\">read more &rarr;<\/a><\/p>\n","protected":false},"author":1,"featured_media":0,"parent":0,"menu_order":0,"comment_status":"closed","ping_status":"closed","template":"page-blank.php","meta":[],"yoast_head":"<!-- This site is optimized with the Yoast SEO plugin v16.0.2 - https:\/\/yoast.com\/wordpress\/plugins\/seo\/ -->\n<link rel=\"canonical\" href=\"https:\/\/www.zetmedya.com\/web\/\" \/>\n<meta property=\"og:locale\" content=\"tr_TR\" \/>\n<meta property=\"og:type\" content=\"article\" \/>\n<meta property=\"og:title\" content=\"Yap\u0131m a\u015famas\u0131nda | Zet Medya\" \/>\n<meta property=\"og:description\" content=\"&nbsp; &nbsp; Web sitemizi yeniliyoruz.\u00c7ok yak\u0131nda yeni web sitemizle yay\u0131nday\u0131z.ZET MEDYA REKLAM VE TANITIM H\u0130Z. LTD. \u015eT\u0130.Adres:Maslak Mah. Maslak Meydan\u2026 read more &rarr;\" \/>\n<meta property=\"og:url\" content=\"https:\/\/www.zetmedya.com\/web\/\" \/>\n<meta property=\"og:site_name\" content=\"Zet Medya\" \/>\n<meta property=\"article:publisher\" content=\"http:\/\/www.facebook.com\/zetmedya\" \/>\n<meta property=\"article:modified_time\" content=\"2026-02-07T11:14:20+00:00\" \/>\n<meta property=\"og:image\" content=\"https:\/\/www.zetmedya.com\/web\/wp-content\/uploads\/2015\/08\/web_logo-2.png\" \/>\n<meta name=\"twitter:card\" content=\"summary\" \/>\n<meta name=\"twitter:site\" content=\"@ZetMedya\" \/>\n<meta name=\"twitter:label1\" content=\"Tahmini okuma s\u00fcresi\">\n\t<meta name=\"twitter:data1\" content=\"1 dakika\">\n<script type=\"application\/ld+json\" class=\"yoast-schema-graph\">{\"@context\":\"https:\/\/schema.org\",\"@graph\":[{\"@type\":\"Organization\",\"@id\":\"http:\/\/www.zetmedya.com\/web\/#organization\",\"name\":\"Zet Medya Reklam Ajans\\u0131\",\"url\":\"http:\/\/www.zetmedya.com\/web\/\",\"sameAs\":[\"http:\/\/www.facebook.com\/zetmedya\",\"http:\/\/www.instagram.com\/zetmedya\",\"http:\/\/www.youtube.com\/zetmedya\",\"https:\/\/twitter.com\/ZetMedya\"],\"logo\":{\"@type\":\"ImageObject\",\"@id\":\"http:\/\/www.zetmedya.com\/web\/#logo\",\"inLanguage\":\"tr\",\"url\":\"https:\/\/www.zetmedya.com\/web\/wp-content\/uploads\/2015\/08\/web_logo.png\",\"width\":801,\"height\":257,\"caption\":\"Zet Medya Reklam Ajans\\u0131\"},\"image\":{\"@id\":\"http:\/\/www.zetmedya.com\/web\/#logo\"}},{\"@type\":\"WebSite\",\"@id\":\"http:\/\/www.zetmedya.com\/web\/#website\",\"url\":\"http:\/\/www.zetmedya.com\/web\/\",\"name\":\"Zet Medya\",\"description\":\"Medya Reklam Ajans\\u0131\",\"publisher\":{\"@id\":\"http:\/\/www.zetmedya.com\/web\/#organization\"},\"potentialAction\":[{\"@type\":\"SearchAction\",\"target\":\"http:\/\/www.zetmedya.com\/web\/?s={search_term_string}\",\"query-input\":\"required name=search_term_string\"}],\"inLanguage\":\"tr\"},{\"@type\":\"ImageObject\",\"@id\":\"https:\/\/www.zetmedya.com\/web\/#primaryimage\",\"inLanguage\":\"tr\",\"url\":\"https:\/\/www.zetmedya.com\/web\/wp-content\/uploads\/2015\/08\/web_logo-2.png\"},{\"@type\":\"WebPage\",\"@id\":\"https:\/\/www.zetmedya.com\/web\/#webpage\",\"url\":\"https:\/\/www.zetmedya.com\/web\/\",\"name\":\"Yap\\u0131m a\\u015famas\\u0131nda | Zet Medya\",\"isPartOf\":{\"@id\":\"http:\/\/www.zetmedya.com\/web\/#website\"},\"primaryImageOfPage\":{\"@id\":\"https:\/\/www.zetmedya.com\/web\/#primaryimage\"},\"datePublished\":\"2026-02-07T11:04:32+00:00\",\"dateModified\":\"2026-02-07T11:14:20+00:00\",\"breadcrumb\":{\"@id\":\"https:\/\/www.zetmedya.com\/web\/#breadcrumb\"},\"inLanguage\":\"tr\",\"potentialAction\":[{\"@type\":\"ReadAction\",\"target\":[\"https:\/\/www.zetmedya.com\/web\/\"]}]},{\"@type\":\"BreadcrumbList\",\"@id\":\"https:\/\/www.zetmedya.com\/web\/#breadcrumb\",\"itemListElement\":[{\"@type\":\"ListItem\",\"position\":1,\"item\":{\"@type\":\"WebPage\",\"@id\":\"https:\/\/www.zetmedya.com\/web\/\",\"url\":\"https:\/\/www.zetmedya.com\/web\/\",\"name\":\"Ana sayfa\"}},{\"@type\":\"ListItem\",\"position\":2,\"item\":{\"@type\":\"WebPage\",\"@id\":\"https:\/\/www.zetmedya.com\/web\/\",\"url\":\"https:\/\/www.zetmedya.com\/web\/\",\"name\":\"Yap\\u0131m a\\u015famas\\u0131nda\"}}]}]}<\/script>\n<!-- \/ Yoast SEO plugin. -->","_links":{"self":[{"href":"https:\/\/www.zetmedya.com\/web\/wp-json\/wp\/v2\/pages\/3625"}],"collection":[{"href":"https:\/\/www.zetmedya.com\/web\/wp-json\/wp\/v2\/pages"}],"about":[{"href":"https:\/\/www.zetmedya.com\/web\/wp-json\/wp\/v2\/types\/page"}],"author":[{"embeddable":true,"href":"https:\/\/www.zetmedya.com\/web\/wp-json\/wp\/v2\/users\/1"}],"replies":[{"embeddable":true,"href":"https:\/\/www.zetmedya.com\/web\/wp-json\/wp\/v2\/comments?post=3625"}],"version-history":[{"count":7,"href":"https:\/\/www.zetmedya.com\/web\/wp-json\/wp\/v2\/pages\/3625\/revisions"}],"predecessor-version":[{"id":3634,"href":"https:\/\/www.zetmedya.com\/web\/wp-json\/wp\/v2\/pages\/3625\/revisions\/3634"}],"wp:attachment":[{"href":"https:\/\/www.zetmedya.com\/web\/wp-json\/wp\/v2\/media?parent=3625"}],"curies":[{"name":"wp","href":"https:\/\/api.w.org\/{rel}","templated":true}]}}